{"id":105,"date":"2012-02-26T16:44:48","date_gmt":"2012-02-26T16:44:48","guid":{"rendered":"http:\/\/www.thomassen-consult.de\/?page_id=105"},"modified":"2012-08-24T15:38:54","modified_gmt":"2012-08-24T15:38:54","slug":"impressum","status":"publish","type":"page","link":"https:\/\/www.thomassen-consult.de\/?page_id=105","title":{"rendered":"Impressum"},"content":{"rendered":"<h1><span style=\"color: #880000; font-family: Verdana,sans-serif;\"><strong>Thoma\u00dfen Consult<\/strong><\/span><\/h1>\n<p align=\"left\"><span style=\"color: #880000;\"><span style=\"font-family: Verdana,sans-serif;\">Gutnickstr. 50 &#8211; D-50769 K\u00f6ln<br \/>\nTelefon:\u00a0 +49 221 5896668 Telefax:\u00a0 +49 221 5896724<\/span><\/span><\/p>\n<p align=\"left\"><span style=\"color: #880000;\"><span style=\"font-family: Verdana,sans-serif;\">E-Mail:\u00a0\u00a0\u00a0\u00a0<strong>\u00a0 <a title=\"Kontakt\" href=\"http:\/\/www.thomassen-consult.de\/?page_id=63\">info(at)thomassen-consult.de<\/a> <\/strong><br \/>\nInhaber:\u00a0\u00a0 J\u00fcrgen Thoma\u00dfen<\/span><\/span><\/p>\n<p align=\"left\"><span style=\"color: #880000;\"><span style=\"font-family: Verdana,sans-serif;\">Steuer-Identifikationsnummer:\u00a0 DE 217\/5295\/3784<\/span><\/span><\/p>\n<p align=\"left\">\u00a0<strong>Haftung f\u00fcr Inhalte<\/strong><\/p>\n<p>Die Inhalte unserer Seiten wurden mit gr\u00f6\u00dfter Sorgfalt erstellt.\u00a0F\u00fcr die Richtigkeit, Vollst\u00e4ndigkeit und Aktualit\u00e4t der Inhalte kann jedoch keine Gew\u00e4hr \u00fcbernommen werden. Als Diensteanbieter ist der Betreiber dieser Internetpr\u00e4senz gem\u00e4\u00df \u00a7 7 Abs.1 TMG f\u00fcr\u00a0eigene Inhalte auf diesen Seiten nach den allgemeinen Gesetzen verantwortlich.\u00a0Nach \u00a7\u00a7 8 bis 10 TMG ist der Betreiber der Internetpr\u00e4senz als Diensteanbieter jedoch nicht\u00a0verpflichtet, \u00fcbermittelte oder gespeicherte fremde Informationen zu \u00fcberwachen oder nach Umst\u00e4nden zu forschen, die auf eine rechtswidrige T\u00e4tigkeit hinweisen. Verpflichtungen zur Entfernung oder Sperrung der\u00a0Nutzung von Informationen nach den allgemeinen Gesetzen bleiben hiervon\u00a0unber\u00fchrt. Eine diesbez\u00fcgliche Haftung ist jedoch erst ab dem Zeitpunkt der Kenntnis einer konkreten Rechtsverletzung m\u00f6glich. Bei Bekanntwerden von entsprechenden Rechtsverletzungen wird der Betrteiber dieser Internetpr\u00e4senz diese Inhalte umgehend entfernen.<\/p>\n<p><strong>Haftung f\u00fcr Links<\/strong><\/p>\n<p>Die Internetpr\u00e4senz enth\u00e4lt Links zu externen Webseiten Dritter, auf deren\u00a0Inhalte der Betreiber keinen Einfluss hat. F\u00fcr diese fremden Inhalte kann der Betreiber dieser Internetpr\u00e4senz auch keine Gew\u00e4hr \u00fcbernehmen. F\u00fcr die Inhalte\u00a0der verlinkten Seiten ist stets der jeweilige Anbieter oder Betreiber der\u00a0Seiten verantwortlich. Die verlinkten Seiten wurden zum Zeitpunkt der Verlinkung\u00a0auf m\u00f6gliche Rechtsverst\u00f6\u00dfe \u00fcberpr\u00fcft. Rechtswidrige Inhalte waren zum Zeitpunkt der Verlinkung nicht erkennbar. Eine permanente\u00a0inhaltliche Kontrolle der verlinkten Seiten ist jedoch ohne konkrete Anhaltspunkte einer Rechtsverletzung nicht zumutbar. Bei Bekanntwerden von Rechtsverletzungen\u00a0wird der Betreiber dieser Internetpr\u00e4senz\u00a0derartige Links umgehend entfernen.<\/p>\n<p><strong>Urheberrecht<\/strong><\/p>\n<p>Die durch die Seitenbetreiber erstellten Inhalte und Werke auf diesen Seiten\u00a0unterliegen dem deutschen Urheberrecht. Die Vervielf\u00e4ltigung, Bearbeitung, Verbreitung und\u00a0jede Art der Verwertung au\u00dferhalb der Grenzen des Urheberrechtes bed\u00fcrfen der schriftlichen Zustimmung des jeweiligen Autors bzw. Erstellers. Downloads und Kopien dieser Seite sind nur f\u00fcr den privaten, nicht kommerziellen\u00a0Gebrauch gestattet. Soweit die Inhalte auf dieser Seite nicht vom Betreiber erstellt wurden,\u00a0werden die Urheberrechte Dritter beachtet. Insbesondere werden Inhalte Dritter als solche\u00a0gekennzeichnet. Sollten Sie trotzdem auf eine Urheberrechtsverletzung aufmerksam werden, bittet der Betreiber dieser Internetpr\u00e4senz um einen entsprechenden Hinweis. Bei Bekanntwerden von Rechtsverletzungen werden wir derartige Inhalte umgehend entfernen.<\/p>\n<p><strong>Datenschutz<\/strong><\/p>\n<p>Die Nutzung der Webseite ist in der Regel ohne Angabe personenbezogener Daten m\u00f6glich. Soweit auf den Seiten personenbezogene Daten (beispielsweise Name,\u00a0Anschrift oder eMail-Adressen) erhoben werden, erfolgt dies, soweit m\u00f6glich, stets auf freiwilliger Basis. Diese Daten werden ohne Ihre ausdr\u00fcckliche Zustimmung nicht an Dritte weitergegeben.<\/p>\n<p>Der Betreiber dieser Internetpr\u00e4senz weist darauf hin, dass die Daten\u00fcbertragung im Internet (z.B.\u00a0bei der Kommunikation per E-Mail) Sicherheitsl\u00fccken aufweisen kann. Ein l\u00fcckenloser Schutz der Daten vor dem Zugriff durch Dritte ist nicht\u00a0m\u00f6glich.<\/p>\n<p>Der Nutzung von im Rahmen der Impressumspflicht ver\u00f6ffentlichten Kontaktdaten\u00a0durch Dritte zur \u00dcbersendung von nicht ausdr\u00fccklich angeforderter\u00a0Werbung und Informationsmaterialien wird hiermit ausdr\u00fccklich widersprochen.\u00a0Der Betreiber der Seiten beh\u00e4lt sich ausdr\u00fccklich rechtliche Schritte\u00a0im Falle der unverlangten Zusendung von Werbeinformationen, etwa durch Spam-Mails,\u00a0vor.<\/p>\n<p><em>Quellverweis: <a href=\"http:\/\/www.e-recht24.de\/muster-disclaimer.htm\" target=\"_blank\">eRecht24 Disclaimer<\/a><\/em><\/p>\n<p>F\u00fcr den Fall, dass der Inhalt, oder die Gestaltung des Internetauftritts Rechte Dritter, oder gesetzliche Bestimmungen verletzt &#8211; werden diese Inhalte unverz\u00fcglich entfernt bzw. rechtlich angepa\u00dft, ohne dass es hierf\u00fcr der Einschaltung eines Rechtsanwalts bedarf.<\/p>\n","protected":false},"excerpt":{"rendered":"<p>Thoma\u00dfen Consult Gutnickstr. 50 &#8211; D-50769 K\u00f6ln Telefon:\u00a0 +49 221 5896668 Telefax:\u00a0 +49 221 5896724 E-Mail:\u00a0\u00a0\u00a0\u00a0\u00a0 info(at)thomassen-consult.de Inhaber:\u00a0\u00a0 J\u00fcrgen Thoma\u00dfen Steuer-Identifikationsnummer:\u00a0 DE 217\/5295\/3784 \u00a0Haftung f\u00fcr Inhalte Die Inhalte unserer Seiten wurden mit gr\u00f6\u00dfter Sorgfalt erstellt.\u00a0F\u00fcr die Richtigkeit, Vollst\u00e4ndigkeit und Aktualit\u00e4t der Inhalte kann jedoch keine Gew\u00e4hr \u00fcbernommen werden. Als Diensteanbieter ist der Betreiber dieser Internetpr\u00e4senz [&hellip;]<\/p>\n","protected":false},"author":2,"featured_media":0,"parent":0,"menu_order":0,"comment_status":"closed","ping_status":"closed","template":"","meta":[],"_links":{"self":[{"href":"https:\/\/www.thomassen-consult.de\/index.php?rest_route=\/wp\/v2\/pages\/105"}],"collection":[{"href":"https:\/\/www.thomassen-consult.de\/index.php?rest_route=\/wp\/v2\/pages"}],"about":[{"href":"https:\/\/www.thomassen-consult.de\/index.php?rest_route=\/wp\/v2\/types\/page"}],"author":[{"embeddable":true,"href":"https:\/\/www.thomassen-consult.de\/index.php?rest_route=\/wp\/v2\/users\/2"}],"replies":[{"embeddable":true,"href":"https:\/\/www.thomassen-consult.de\/index.php?rest_route=%2Fwp%2Fv2%2Fcomments&post=105"}],"version-history":[{"count":7,"href":"https:\/\/www.thomassen-consult.de\/index.php?rest_route=\/wp\/v2\/pages\/105\/revisions"}],"predecessor-version":[{"id":145,"href":"https:\/\/www.thomassen-consult.de\/index.php?rest_route=\/wp\/v2\/pages\/105\/revisions\/145"}],"wp:attachment":[{"href":"https:\/\/www.thomassen-consult.de\/index.php?rest_route=%2Fwp%2Fv2%2Fmedia&parent=105"}],"curies":[{"name":"wp","href":"https:\/\/api.w.org\/{rel}","templated":true}]}}