{"id":116,"date":"2012-03-31T10:23:06","date_gmt":"2012-03-31T10:23:06","guid":{"rendered":"http:\/\/www.thomassen-consult.de\/?page_id=116"},"modified":"2014-01-14T08:56:05","modified_gmt":"2014-01-14T08:56:05","slug":"home","status":"publish","type":"page","link":"https:\/\/www.thomassen-consult.de\/","title":{"rendered":"Home"},"content":{"rendered":"<p>Herzlich Willkommen auf der Internetseite des Beratungsb\u00fcros Thoma\u00dfen Consult. Wir freuen uns \u00fcber Ihr Interesse!<\/p>\n<p>Derzeit befasst sich das Beratungsb\u00fcro besonders mit den Themenbereichen Medienentwicklung, Schulentwicklung und Medienzentrumsplanung. Durch die langj\u00e4hrige Erfahrung bei der Beratung von Schultr\u00e4gern und Schulen sind wir aber auch gerne bereit uns neuen Herausforderungen zu stellen!<\/p>\n<p>Wir w\u00fcrden uns freuen, wenn wir Sie bei der L\u00f6sung\u00a0Ihrer Probleme unterst\u00fctzen d\u00fcrften.\u00a0F\u00fcr ein erstes, f\u00fcr Sie kostenloses, Informationsgespr\u00e4ch\u00a0kommen wir gerne zu Ihnen. Nehmen Sie einfach \u00fcber das bereitgestellte Formular Kontakt mit uns auf oder rufen Sie einfach an!<\/p>\n<p>&nbsp;<\/p>\n<p>&nbsp;<\/p>\n<p>&nbsp;<\/p>\n<p>&nbsp;<\/p>\n<p>&nbsp;<\/p>\n","protected":false},"excerpt":{"rendered":"<p>Herzlich Willkommen auf der Internetseite des Beratungsb\u00fcros Thoma\u00dfen Consult. Wir freuen uns \u00fcber Ihr Interesse! Derzeit befasst sich das Beratungsb\u00fcro besonders mit den Themenbereichen Medienentwicklung, Schulentwicklung und Medienzentrumsplanung. Durch die langj\u00e4hrige Erfahrung bei der Beratung von Schultr\u00e4gern und Schulen sind wir aber auch gerne bereit uns neuen Herausforderungen zu stellen! Wir w\u00fcrden uns freuen, wenn [&hellip;]<\/p>\n","protected":false},"author":2,"featured_media":0,"parent":0,"menu_order":0,"comment_status":"closed","ping_status":"closed","template":"","meta":[],"_links":{"self":[{"href":"https:\/\/www.thomassen-consult.de\/index.php?rest_route=\/wp\/v2\/pages\/116"}],"collection":[{"href":"https:\/\/www.thomassen-consult.de\/index.php?rest_route=\/wp\/v2\/pages"}],"about":[{"href":"https:\/\/www.thomassen-consult.de\/index.php?rest_route=\/wp\/v2\/types\/page"}],"author":[{"embeddable":true,"href":"https:\/\/www.thomassen-consult.de\/index.php?rest_route=\/wp\/v2\/users\/2"}],"replies":[{"embeddable":true,"href":"https:\/\/www.thomassen-consult.de\/index.php?rest_route=%2Fwp%2Fv2%2Fcomments&post=116"}],"version-history":[{"count":12,"href":"https:\/\/www.thomassen-consult.de\/index.php?rest_route=\/wp\/v2\/pages\/116\/revisions"}],"predecessor-version":[{"id":164,"href":"https:\/\/www.thomassen-consult.de\/index.php?rest_route=\/wp\/v2\/pages\/116\/revisions\/164"}],"wp:attachment":[{"href":"https:\/\/www.thomassen-consult.de\/index.php?rest_route=%2Fwp%2Fv2%2Fmedia&parent=116"}],"curies":[{"name":"wp","href":"https:\/\/api.w.org\/{rel}","templated":true}]}}