{"id":123,"date":"2012-03-31T11:16:18","date_gmt":"2012-03-31T11:16:18","guid":{"rendered":"http:\/\/www.thomassen-consult.de\/?page_id=123"},"modified":"2012-03-31T11:17:11","modified_gmt":"2012-03-31T11:17:11","slug":"umsetzung-von-medienentwicklungsplanen","status":"publish","type":"page","link":"https:\/\/www.thomassen-consult.de\/?page_id=123","title":{"rendered":"Umsetzung von Medienentwicklungspl\u00e4nen"},"content":{"rendered":"<p><span style=\"font-family: Arial; font-size: small;\">Die Erstellung eines Medienentwicklungsplans ist ein erster, sinnvoller Schritt zur bedarfsgerechten und an den p\u00e4dagogischen Erfordernissen angepassten Ausstattung der Schulen. Die Komplexit\u00e4t von Medienentwicklungspl\u00e4nen f\u00fchrt dazu, dass viele Schultr\u00e4ger bei der Umsetzung\u00a0Bedarf an externer Unterst\u00fctzung haben.\u00a0Daf\u00fcr sind besonders die hohe Arbeitsauslastung der Mitarbeiter oder die fehlenden Kompetenzen in einzelnen Bereichen verantwortlich. Die Folge ist, dass kosten senkende Potentiale nicht erkannt oder aus Zeitgr\u00fcnden nicht ausgesch\u00f6pft werden k\u00f6nnen.\u00a0\u00a0\u00a0<\/span><\/p>\n<p>F\u00fcr eine bedarfsgerechte Beschaffung ist aus Sicht des Beratungsb\u00fcros die <strong>Durchf\u00fchrung von Investitionsgespr\u00e4chen<\/strong> von zentraler Bedeutung. Durch eine externe Moderation k\u00f6nnen dabei die individuellen Anforderungen der Schulen an die Medienausstattung angepasst werden. Dabei spielen die p\u00e4dagogischen Konzepte der Schulen eine bedeutende Rolle.<\/p>\n<p>Nach der Festlegung des Beschaffungsbedarfs ist es meist erforderlich, die erforderlichen Beschaffungen auszuschreiben. Ausschreibungen sind besonders zeitintensiv und blockieren, gerade\u00a0in kleineren Kommunen, die Mitarbeiter der Verwaltung. Das Beratungsb\u00fcro unterst\u00fctzt Sie gerne bei der <strong>Durchf\u00fchrung von Ausschreibungen<\/strong>.<\/p>\n<p><strong>Wartung und Support<\/strong> sind in vielen Kommunen besonders\u00a0problembehaftet. Welcher Wartungsakteur ist f\u00fcr die Schulen geeignet? Welche technischen L\u00f6sungen unterst\u00fctzen die Schulen bei Ihrer Arbeit und reduzieren gleichzeitig den Wartungsaufwand?<\/p>\n","protected":false},"excerpt":{"rendered":"<p>Die Erstellung eines Medienentwicklungsplans ist ein erster, sinnvoller Schritt zur bedarfsgerechten und an den p\u00e4dagogischen Erfordernissen angepassten Ausstattung der Schulen. Die Komplexit\u00e4t von Medienentwicklungspl\u00e4nen f\u00fchrt dazu, dass viele Schultr\u00e4ger bei der Umsetzung\u00a0Bedarf an externer Unterst\u00fctzung haben.\u00a0Daf\u00fcr sind besonders die hohe Arbeitsauslastung der Mitarbeiter oder die fehlenden Kompetenzen in einzelnen Bereichen verantwortlich. Die Folge ist, dass [&hellip;]<\/p>\n","protected":false},"author":2,"featured_media":0,"parent":92,"menu_order":0,"comment_status":"closed","ping_status":"closed","template":"","meta":[],"_links":{"self":[{"href":"https:\/\/www.thomassen-consult.de\/index.php?rest_route=\/wp\/v2\/pages\/123"}],"collection":[{"href":"https:\/\/www.thomassen-consult.de\/index.php?rest_route=\/wp\/v2\/pages"}],"about":[{"href":"https:\/\/www.thomassen-consult.de\/index.php?rest_route=\/wp\/v2\/types\/page"}],"author":[{"embeddable":true,"href":"https:\/\/www.thomassen-consult.de\/index.php?rest_route=\/wp\/v2\/users\/2"}],"replies":[{"embeddable":true,"href":"https:\/\/www.thomassen-consult.de\/index.php?rest_route=%2Fwp%2Fv2%2Fcomments&post=123"}],"version-history":[{"count":2,"href":"https:\/\/www.thomassen-consult.de\/index.php?rest_route=\/wp\/v2\/pages\/123\/revisions"}],"predecessor-version":[{"id":126,"href":"https:\/\/www.thomassen-consult.de\/index.php?rest_route=\/wp\/v2\/pages\/123\/revisions\/126"}],"up":[{"embeddable":true,"href":"https:\/\/www.thomassen-consult.de\/index.php?rest_route=\/wp\/v2\/pages\/92"}],"wp:attachment":[{"href":"https:\/\/www.thomassen-consult.de\/index.php?rest_route=%2Fwp%2Fv2%2Fmedia&parent=123"}],"curies":[{"name":"wp","href":"https:\/\/api.w.org\/{rel}","templated":true}]}}