{"id":56,"date":"2011-11-02T11:16:07","date_gmt":"2011-11-02T11:16:07","guid":{"rendered":"http:\/\/www.thomassen-consult.de\/?page_id=56"},"modified":"2013-12-05T21:27:38","modified_gmt":"2013-12-05T21:27:38","slug":"fachplanungen","status":"publish","type":"page","link":"https:\/\/www.thomassen-consult.de\/?page_id=56","title":{"rendered":"Fachplanungen"},"content":{"rendered":"<p>F\u00fcr Kommunen und Kreise bilden Fachplanungen eine effektive Grundlage f\u00fcr aktuelle Problemstellungen.\u00a0Bedingt durch den demografischen Wandel stehen viele St\u00e4dte und Gemeinden vor bedeutenden Ver\u00e4nderungen ihrer Schullandschaft.\u00a0Einerseits reduzieren sich die\u00a0Sch\u00fclerzahlen\u00a0andererseits erh\u00f6ht sich der Bedarf an Betreuungspl\u00e4tzen im Bereich des Ganztages, so dass das Angebot an Schulen und Bildungseinrichtungen dieser Entwicklung angepasst werden muss.<\/p>\n<p><strong>Kommunale Schulentwicklungsplanung<\/strong> dient der nachhaltigen Sicherung des ben\u00f6tigten Schulraumes und der ben\u00f6tigten Schulformen\u00a0in Kommunen und ber\u00fccksichtigt dabei die erheblichen Ver\u00e4nderungen, die sich aus dem demografischen Wandel, den Anforderungen des Ganztags und\u00a0der Inklusion\u00a0ergeben. Ein Teilbereich von besonderer Bedeutung im Rahmen der Schulentwicklungsplanung ist dabei die <strong>Raumbedarfsplanung<\/strong>, hier werden insbesondere auch die Bedarfe durch den demografischen Wandel und die Inklusion ber\u00fccksichtigt.<\/p>\n<p>F\u00fcr Schultr\u00e4ger ist die Ausstattung der Schulen im Bereich der Neuen Medien eine besondere Herausforderung. Einerseits stellt die Medienausstattung eine bedeutende finanzielle Herausforderung an den Schultr\u00e4ger dar, andererseits muss in diesem Bereich h\u00e4ufig auf technische Ver\u00e4nderungen reagiert werden. Die<strong>\u00a0Kommunale Medienentwicklungsplanung<\/strong> hilft dabei, finanzielle und technische Planungssicherheit f\u00fcr Schultr\u00e4ger und Schulen zu schaffen. Dabei werden nicht nur die Beschaffungen sondern s\u00e4mtliche Kosten f\u00fcr die Nutzung der Neuen Medien ber\u00fccksichtigt.<\/p>\n","protected":false},"excerpt":{"rendered":"<p>F\u00fcr Kommunen und Kreise bilden Fachplanungen eine effektive Grundlage f\u00fcr aktuelle Problemstellungen.\u00a0Bedingt durch den demografischen Wandel stehen viele St\u00e4dte und Gemeinden vor bedeutenden Ver\u00e4nderungen ihrer Schullandschaft.\u00a0Einerseits reduzieren sich die\u00a0Sch\u00fclerzahlen\u00a0andererseits erh\u00f6ht sich der Bedarf an Betreuungspl\u00e4tzen im Bereich des Ganztages, so dass das Angebot an Schulen und Bildungseinrichtungen dieser Entwicklung angepasst werden muss. Kommunale Schulentwicklungsplanung dient [&hellip;]<\/p>\n","protected":false},"author":2,"featured_media":0,"parent":0,"menu_order":0,"comment_status":"closed","ping_status":"closed","template":"","meta":[],"_links":{"self":[{"href":"https:\/\/www.thomassen-consult.de\/index.php?rest_route=\/wp\/v2\/pages\/56"}],"collection":[{"href":"https:\/\/www.thomassen-consult.de\/index.php?rest_route=\/wp\/v2\/pages"}],"about":[{"href":"https:\/\/www.thomassen-consult.de\/index.php?rest_route=\/wp\/v2\/types\/page"}],"author":[{"embeddable":true,"href":"https:\/\/www.thomassen-consult.de\/index.php?rest_route=\/wp\/v2\/users\/2"}],"replies":[{"embeddable":true,"href":"https:\/\/www.thomassen-consult.de\/index.php?rest_route=%2Fwp%2Fv2%2Fcomments&post=56"}],"version-history":[{"count":8,"href":"https:\/\/www.thomassen-consult.de\/index.php?rest_route=\/wp\/v2\/pages\/56\/revisions"}],"predecessor-version":[{"id":156,"href":"https:\/\/www.thomassen-consult.de\/index.php?rest_route=\/wp\/v2\/pages\/56\/revisions\/156"}],"wp:attachment":[{"href":"https:\/\/www.thomassen-consult.de\/index.php?rest_route=%2Fwp%2Fv2%2Fmedia&parent=56"}],"curies":[{"name":"wp","href":"https:\/\/api.w.org\/{rel}","templated":true}]}}