{"id":98,"date":"2012-02-20T17:57:47","date_gmt":"2012-02-20T17:57:47","guid":{"rendered":"http:\/\/www.thomassen-consult.de\/?page_id=98"},"modified":"2012-02-26T16:25:53","modified_gmt":"2012-02-26T16:25:53","slug":"kommunale-schulentwicklungsplanung","status":"publish","type":"page","link":"https:\/\/www.thomassen-consult.de\/?page_id=98","title":{"rendered":"Kommunale Schulentwicklungsplanung"},"content":{"rendered":"<p>Der demografische Wandel stellt Schultr\u00e4ger vor neue Herausforderungen. Einerseits soll das schulische Angebot der Kommune bedarfsgerecht die\u00a0Anforderungen von Sch\u00fclern und\u00a0Eltern gerecht werden, andererseits befindet sich das dreigliedrige Schulsystem derzeit in einem Aufl\u00f6sungszustand. Die Nachfrage an\u00a0Hauptschulangeboten ist stark r\u00fcckl\u00e4ufig.\u00a0Die Kultusministerien der Bundesl\u00e4nder reagieren auf diese Ver\u00e4nderungsprozesse sehr unterschiedlich. So werden neue, kombinierte Schulformen wie Sekundarschulen, Gemeinschaftsschulen oder Werkrealschulen\u00a0etabliert.\u00a0Das f\u00fchrt dazu, dass der Schultr\u00e4ger mit vielf\u00e4ltigen Fragen konfrontiert wird. Welche Folgen hat die Einf\u00fchrung einer neuen Schulform f\u00fcr die Kommune oder die existierenden Schulen? Welche\u00a0Kosten entstehen durch die Umstrukturierung des Schulangebotes? K\u00f6nnen die\u00a0vorhandenen Schulgeb\u00e4ude an die ge\u00e4nderte Situation angepasst werden? Welche Schulformen werden von den\u00a0Sch\u00fclern, Eltern und Lehrern akzeptiert? &#8230;<\/p>\n<p>&nbsp;<\/p>\n","protected":false},"excerpt":{"rendered":"<p>Der demografische Wandel stellt Schultr\u00e4ger vor neue Herausforderungen. Einerseits soll das schulische Angebot der Kommune bedarfsgerecht die\u00a0Anforderungen von Sch\u00fclern und\u00a0Eltern gerecht werden, andererseits befindet sich das dreigliedrige Schulsystem derzeit in einem Aufl\u00f6sungszustand. Die Nachfrage an\u00a0Hauptschulangeboten ist stark r\u00fcckl\u00e4ufig.\u00a0Die Kultusministerien der Bundesl\u00e4nder reagieren auf diese Ver\u00e4nderungsprozesse sehr unterschiedlich. So werden neue, kombinierte Schulformen wie Sekundarschulen, Gemeinschaftsschulen [&hellip;]<\/p>\n","protected":false},"author":2,"featured_media":0,"parent":56,"menu_order":0,"comment_status":"closed","ping_status":"closed","template":"","meta":[],"_links":{"self":[{"href":"https:\/\/www.thomassen-consult.de\/index.php?rest_route=\/wp\/v2\/pages\/98"}],"collection":[{"href":"https:\/\/www.thomassen-consult.de\/index.php?rest_route=\/wp\/v2\/pages"}],"about":[{"href":"https:\/\/www.thomassen-consult.de\/index.php?rest_route=\/wp\/v2\/types\/page"}],"author":[{"embeddable":true,"href":"https:\/\/www.thomassen-consult.de\/index.php?rest_route=\/wp\/v2\/users\/2"}],"replies":[{"embeddable":true,"href":"https:\/\/www.thomassen-consult.de\/index.php?rest_route=%2Fwp%2Fv2%2Fcomments&post=98"}],"version-history":[{"count":4,"href":"https:\/\/www.thomassen-consult.de\/index.php?rest_route=\/wp\/v2\/pages\/98\/revisions"}],"predecessor-version":[{"id":102,"href":"https:\/\/www.thomassen-consult.de\/index.php?rest_route=\/wp\/v2\/pages\/98\/revisions\/102"}],"up":[{"embeddable":true,"href":"https:\/\/www.thomassen-consult.de\/index.php?rest_route=\/wp\/v2\/pages\/56"}],"wp:attachment":[{"href":"https:\/\/www.thomassen-consult.de\/index.php?rest_route=%2Fwp%2Fv2%2Fmedia&parent=98"}],"curies":[{"name":"wp","href":"https:\/\/api.w.org\/{rel}","templated":true}]}}